{"id":592,"date":"2023-04-22T05:25:42","date_gmt":"2023-04-22T05:25:42","guid":{"rendered":"https:\/\/savers-costplus.com\/supermarket\/?page_id=592"},"modified":"2023-04-22T05:30:53","modified_gmt":"2023-04-22T05:30:53","slug":"floreria","status":"publish","type":"page","link":"https:\/\/savers-costplus.com\/supermarket\/es\/floreria\/","title":{"rendered":"Floreria"},"content":{"rendered":"\t\t<div data-elementor-type=\"wp-page\" data-elementor-id=\"592\" class=\"elementor elementor-592\">\n\t\t\t\t<div class=\"elementor-element elementor-element-546fd05 e-flex e-con-boxed e-con e-parent\" data-id=\"546fd05\" data-element_type=\"container\" data-e-type=\"container\" data-settings=\"{&quot;background_background&quot;:&quot;classic&quot;}\">\n\t\t\t\t\t<div class=\"e-con-inner\">\n\t\t\t\t<div class=\"elementor-element elementor-element-13165f22 elementor-widget elementor-widget-spacer\" data-id=\"13165f22\" data-element_type=\"widget\" data-e-type=\"widget\" data-widget_type=\"spacer.default\">\n\t\t\t\t<div class=\"elementor-widget-container\">\n\t\t\t\t\t\t\t<div class=\"elementor-spacer\">\n\t\t\t<div class=\"elementor-spacer-inner\"><\/div>\n\t\t<\/div>\n\t\t\t\t\t\t<\/div>\n\t\t\t\t<\/div>\n\t\t\t\t\t<\/div>\n\t\t\t\t<\/div>\n\t\t<div class=\"elementor-element elementor-element-c0da845 e-flex e-con-boxed e-con e-parent\" data-id=\"c0da845\" data-element_type=\"container\" data-e-type=\"container\">\n\t\t\t\t\t<div class=\"e-con-inner\">\n\t\t\t\t<div class=\"elementor-element elementor-element-704f478 elementor-widget elementor-widget-heading\" data-id=\"704f478\" data-element_type=\"widget\" data-e-type=\"widget\" data-widget_type=\"heading.default\">\n\t\t\t\t<div class=\"elementor-widget-container\">\n\t\t\t\t\t<h2 class=\"elementor-heading-title elementor-size-default\">Somos expertos en crear arreglos florales personalizados para cualquier ocasi\u00f3n especial.<\/h2>\t\t\t\t<\/div>\n\t\t\t\t<\/div>\n\t\t\t\t\t<\/div>\n\t\t\t\t<\/div>\n\t\t<div class=\"elementor-element elementor-element-beb5780 e-flex e-con-boxed e-con e-parent\" data-id=\"beb5780\" data-element_type=\"container\" data-e-type=\"container\">\n\t\t\t\t\t<div class=\"e-con-inner\">\n\t\t<div class=\"elementor-element elementor-element-08afd0e e-con-full e-flex e-con e-parent\" data-id=\"08afd0e\" data-element_type=\"container\" data-e-type=\"container\">\n\t\t\t\t<div class=\"elementor-element elementor-element-101fa61 elementor-widget elementor-widget-image-carousel\" data-id=\"101fa61\" data-element_type=\"widget\" data-e-type=\"widget\" data-settings=\"{&quot;slides_to_show&quot;:&quot;1&quot;,&quot;navigation&quot;:&quot;none&quot;,&quot;autoplay&quot;:&quot;yes&quot;,&quot;pause_on_hover&quot;:&quot;yes&quot;,&quot;pause_on_interaction&quot;:&quot;yes&quot;,&quot;autoplay_speed&quot;:5000,&quot;infinite&quot;:&quot;yes&quot;,&quot;effect&quot;:&quot;slide&quot;,&quot;speed&quot;:500}\" data-widget_type=\"image-carousel.default\">\n\t\t\t\t<div class=\"elementor-widget-container\">\n\t\t\t\t\t\t\t<div class=\"elementor-image-carousel-wrapper swiper\" role=\"region\" aria-roledescription=\"carousel\" aria-label=\"Carrusel de Im\u00e1genes\" dir=\"ltr\">\n\t\t\t<div class=\"elementor-image-carousel swiper-wrapper\" aria-live=\"off\">\n\t\t\t\t\t\t\t\t<div class=\"swiper-slide\" role=\"group\" aria-roledescription=\"slide\" aria-label=\"1 de 10\"><figure class=\"swiper-slide-inner\"><img decoding=\"async\" class=\"swiper-slide-image\" src=\"https:\/\/savers-costplus.com\/supermarket\/wp-content\/uploads\/elementor\/thumbs\/flowers-5-rikpy7o2kopkn973u3jng95igunwh3qf8gymekivfy.png\" alt=\"flowers-5\" \/><\/figure><\/div><div class=\"swiper-slide\" role=\"group\" aria-roledescription=\"slide\" aria-label=\"2 de 10\"><figure class=\"swiper-slide-inner\"><img decoding=\"async\" class=\"swiper-slide-image\" src=\"https:\/\/savers-costplus.com\/supermarket\/wp-content\/uploads\/elementor\/thumbs\/flowers-10-rikpy6q8duoabn8gzl50vre1vgsj9emowcb4xak9yo.png\" alt=\"flowers-10\" \/><\/figure><\/div><div class=\"swiper-slide\" role=\"group\" aria-roledescription=\"slide\" aria-label=\"3 de 10\"><figure class=\"swiper-slide-inner\"><img decoding=\"async\" class=\"swiper-slide-image\" src=\"https:\/\/savers-costplus.com\/supermarket\/wp-content\/uploads\/elementor\/thumbs\/flowers-25-rikpy6q8duoabn8gzl50vre1vgsj9emowcb4xakakc.png\" alt=\"flowers-25\" \/><\/figure><\/div><div class=\"swiper-slide\" role=\"group\" aria-roledescription=\"slide\" aria-label=\"4 de 10\"><figure class=\"swiper-slide-inner\"><img decoding=\"async\" class=\"swiper-slide-image\" src=\"https:\/\/savers-costplus.com\/supermarket\/wp-content\/uploads\/elementor\/thumbs\/flowers-28-rikpy6q8duoabn8gzl50vre1vgsj9emowcb4xaka0c.png\" alt=\"flowers-28\" \/><\/figure><\/div><div class=\"swiper-slide\" role=\"group\" aria-roledescription=\"slide\" aria-label=\"5 de 10\"><figure class=\"swiper-slide-inner\"><img decoding=\"async\" class=\"swiper-slide-image\" src=\"https:\/\/savers-costplus.com\/supermarket\/wp-content\/uploads\/elementor\/thumbs\/flowers-36-rikpy6q8duoabn8gzl50vre1vgsj9emowcb4xaka3o.png\" alt=\"flowers-36\" \/><\/figure><\/div><div class=\"swiper-slide\" role=\"group\" aria-roledescription=\"slide\" aria-label=\"6 de 10\"><figure class=\"swiper-slide-inner\"><img decoding=\"async\" class=\"swiper-slide-image\" src=\"https:\/\/savers-costplus.com\/supermarket\/wp-content\/uploads\/elementor\/thumbs\/flowers-41-rikpy7o2kopkn973u3jng95igunwh3qf8gymekivvi.png\" alt=\"flowers-41\" \/><\/figure><\/div><div class=\"swiper-slide\" role=\"group\" aria-roledescription=\"slide\" aria-label=\"7 de 10\"><figure class=\"swiper-slide-inner\"><img decoding=\"async\" class=\"swiper-slide-image\" src=\"https:\/\/savers-costplus.com\/supermarket\/wp-content\/uploads\/elementor\/thumbs\/savers-2-rikpy5se70n0019u52qeb9mla2x61piyk7nng0lo1a.png\" alt=\"savers-2\" \/><\/figure><\/div><div class=\"swiper-slide\" role=\"group\" aria-roledescription=\"slide\" aria-label=\"8 de 10\"><figure class=\"swiper-slide-inner\"><img decoding=\"async\" class=\"swiper-slide-image\" src=\"https:\/\/savers-costplus.com\/supermarket\/wp-content\/uploads\/elementor\/thumbs\/savers-8-rikpy7o2kopkn973u3jng95igunwh3qf8gymekivok.png\" alt=\"savers-8\" \/><\/figure><\/div><div class=\"swiper-slide\" role=\"group\" aria-roledescription=\"slide\" aria-label=\"9 de 10\"><figure class=\"swiper-slide-inner\"><img decoding=\"async\" class=\"swiper-slide-image\" src=\"https:\/\/savers-costplus.com\/supermarket\/wp-content\/uploads\/elementor\/thumbs\/savers-17-rikpy6q8duoabn8gzl50vre1vgsj9emowcb4xak9rq.png\" alt=\"savers-17\" \/><\/figure><\/div><div class=\"swiper-slide\" role=\"group\" aria-roledescription=\"slide\" aria-label=\"10 de 10\"><figure class=\"swiper-slide-inner\"><img decoding=\"async\" class=\"swiper-slide-image\" src=\"https:\/\/savers-costplus.com\/supermarket\/wp-content\/uploads\/elementor\/thumbs\/savers-20-rikpy6q8duoabn8gzl50vre1vgsj9emowcb4xak9vw.png\" alt=\"savers-20\" \/><\/figure><\/div>\t\t\t<\/div>\n\t\t\t\t\t\t\t\n\t\t\t\t\t\t\t\t\t<\/div>\n\t\t\t\t\t\t<\/div>\n\t\t\t\t<\/div>\n\t\t\t\t<\/div>\n\t\t<div class=\"elementor-element elementor-element-7ca6319 e-con-full e-flex e-con e-parent\" data-id=\"7ca6319\" data-element_type=\"container\" data-e-type=\"container\">\n\t\t\t\t<div class=\"elementor-element elementor-element-7e43d8f elementor-widget elementor-widget-text-editor\" data-id=\"7e43d8f\" data-element_type=\"widget\" data-e-type=\"widget\" data-widget_type=\"text-editor.default\">\n\t\t\t\t<div class=\"elementor-widget-container\">\n\t\t\t\t\t\t\t\t\t<p>Ya sea que est\u00e9s buscando el regalo perfecto para un cumplea\u00f1os, aniversario, boda, graduaci\u00f3n o simplemente quieras expresar tus sentimientos con flores, estamos aqu\u00ed para ayudarte.<\/p><p>Nuestro talentoso equipo de floristas trabaja con dedicaci\u00f3n y creatividad para dise\u00f1ar arreglos florales \u00fanicos y hermosos que se ajusten a tus gustos y necesidades. Utilizamos flores frescas de la m\u00e1s alta calidad, cuidadosamente seleccionadas para asegurarnos de que tu arreglo luzca impresionante y perdure por mucho tiempo.<\/p><p><span style=\"font-size: 14px; color: var( --e-global-color-text ); text-align: var(--text-align);\">Vis\u00edtanos en nuestra tienda para descubrir c\u00f3mo podemos hacer realidad tus ideas y crear arreglos florales personalizados que sean verdaderamente especiales. Conf\u00eda en nosotros para expresar tus sentimientos con flores y hacer que cada ocasi\u00f3n sea inolvidable. \u00a1Esperamos servirte pronto!<\/span><\/p>\t\t\t\t\t\t\t\t<\/div>\n\t\t\t\t<\/div>\n\t\t\t\t<\/div>\n\t\t\t\t\t<\/div>\n\t\t\t\t<\/div>\n\t\t\t\t<\/div>\n\t\t","protected":false},"excerpt":{"rendered":"<p>Somos expertos en crear arreglos florales personalizados para cualquier ocasi\u00f3n especial. Ya sea que est\u00e9s buscando el regalo perfecto para un cumplea\u00f1os, aniversario, boda, graduaci\u00f3n o simplemente quieras expresar tus sentimientos con flores, estamos aqu\u00ed para ayudarte. Nuestro talentoso equipo de floristas trabaja con dedicaci\u00f3n y creatividad para dise\u00f1ar arreglos florales \u00fanicos y hermosos que [&hellip;]<\/p>\n","protected":false},"author":1,"featured_media":0,"parent":0,"menu_order":0,"comment_status":"closed","ping_status":"closed","template":"","meta":{"ocean_post_layout":"","ocean_both_sidebars_style":"","ocean_both_sidebars_content_width":0,"ocean_both_sidebars_sidebars_width":0,"ocean_sidebar":"0","ocean_second_sidebar":"0","ocean_disable_margins":"enable","ocean_add_body_class":"","ocean_shortcode_before_top_bar":"","ocean_shortcode_after_top_bar":"","ocean_shortcode_before_header":"","ocean_shortcode_after_header":"","ocean_has_shortcode":"","ocean_shortcode_after_title":"","ocean_shortcode_before_footer_widgets":"","ocean_shortcode_after_footer_widgets":"","ocean_shortcode_before_footer_bottom":"","ocean_shortcode_after_footer_bottom":"","ocean_display_top_bar":"default","ocean_display_header":"default","ocean_header_style":"","ocean_center_header_left_menu":"0","ocean_custom_header_template":"0","ocean_custom_logo":0,"ocean_custom_retina_logo":0,"ocean_custom_logo_max_width":0,"ocean_custom_logo_tablet_max_width":0,"ocean_custom_logo_mobile_max_width":0,"ocean_custom_logo_max_height":0,"ocean_custom_logo_tablet_max_height":0,"ocean_custom_logo_mobile_max_height":0,"ocean_header_custom_menu":"0","ocean_menu_typo_font_family":"0","ocean_menu_typo_font_subset":"","ocean_menu_typo_font_size":0,"ocean_menu_typo_font_size_tablet":0,"ocean_menu_typo_font_size_mobile":0,"ocean_menu_typo_font_size_unit":"px","ocean_menu_typo_font_weight":"","ocean_menu_typo_font_weight_tablet":"","ocean_menu_typo_font_weight_mobile":"","ocean_menu_typo_transform":"","ocean_menu_typo_transform_tablet":"","ocean_menu_typo_transform_mobile":"","ocean_menu_typo_line_height":0,"ocean_menu_typo_line_height_tablet":0,"ocean_menu_typo_line_height_mobile":0,"ocean_menu_typo_line_height_unit":"","ocean_menu_typo_spacing":0,"ocean_menu_typo_spacing_tablet":0,"ocean_menu_typo_spacing_mobile":0,"ocean_menu_typo_spacing_unit":"","ocean_menu_link_color":"","ocean_menu_link_color_hover":"","ocean_menu_link_color_active":"","ocean_menu_link_background":"","ocean_menu_link_hover_background":"","ocean_menu_link_active_background":"","ocean_menu_social_links_bg":"","ocean_menu_social_hover_links_bg":"","ocean_menu_social_links_color":"","ocean_menu_social_hover_links_color":"","ocean_disable_title":"default","ocean_disable_heading":"default","ocean_post_title":"","ocean_post_subheading":"","ocean_post_title_style":"","ocean_post_title_background_color":"","ocean_post_title_background":0,"ocean_post_title_bg_image_position":"","ocean_post_title_bg_image_attachment":"","ocean_post_title_bg_image_repeat":"","ocean_post_title_bg_image_size":"","ocean_post_title_height":0,"ocean_post_title_bg_overlay":0.5,"ocean_post_title_bg_overlay_color":"","ocean_disable_breadcrumbs":"default","ocean_breadcrumbs_color":"","ocean_breadcrumbs_separator_color":"","ocean_breadcrumbs_links_color":"","ocean_breadcrumbs_links_hover_color":"","ocean_display_footer_widgets":"default","ocean_display_footer_bottom":"default","ocean_custom_footer_template":"0","footnotes":""},"class_list":["post-592","page","type-page","status-publish","hentry","entry"],"_links":{"self":[{"href":"https:\/\/savers-costplus.com\/supermarket\/wp-json\/wp\/v2\/pages\/592","targetHints":{"allow":["GET"]}}],"collection":[{"href":"https:\/\/savers-costplus.com\/supermarket\/wp-json\/wp\/v2\/pages"}],"about":[{"href":"https:\/\/savers-costplus.com\/supermarket\/wp-json\/wp\/v2\/types\/page"}],"author":[{"embeddable":true,"href":"https:\/\/savers-costplus.com\/supermarket\/wp-json\/wp\/v2\/users\/1"}],"replies":[{"embeddable":true,"href":"https:\/\/savers-costplus.com\/supermarket\/wp-json\/wp\/v2\/comments?post=592"}],"version-history":[{"count":5,"href":"https:\/\/savers-costplus.com\/supermarket\/wp-json\/wp\/v2\/pages\/592\/revisions"}],"predecessor-version":[{"id":602,"href":"https:\/\/savers-costplus.com\/supermarket\/wp-json\/wp\/v2\/pages\/592\/revisions\/602"}],"wp:attachment":[{"href":"https:\/\/savers-costplus.com\/supermarket\/wp-json\/wp\/v2\/media?parent=592"}],"curies":[{"name":"wp","href":"https:\/\/api.w.org\/{rel}","templated":true}]}}