{"id":880,"date":"2023-05-22T23:33:21","date_gmt":"2023-05-22T23:33:21","guid":{"rendered":"https:\/\/savers-costplus.com\/supermarket\/?page_id=880"},"modified":"2023-05-23T03:30:28","modified_gmt":"2023-05-23T03:30:28","slug":"cocina-economica","status":"publish","type":"page","link":"https:\/\/savers-costplus.com\/supermarket\/es\/cocina-economica\/","title":{"rendered":"Cocina Economica"},"content":{"rendered":"\t\t<div data-elementor-type=\"wp-page\" data-elementor-id=\"880\" class=\"elementor elementor-880\">\n\t\t\t\t<div class=\"elementor-element elementor-element-462d1077 e-flex e-con-boxed e-con e-parent\" data-id=\"462d1077\" data-element_type=\"container\" data-e-type=\"container\" data-settings=\"{&quot;background_background&quot;:&quot;classic&quot;}\">\n\t\t\t\t\t<div class=\"e-con-inner\">\n\t\t\t\t<div class=\"elementor-element elementor-element-6517ba36 elementor-widget elementor-widget-spacer\" data-id=\"6517ba36\" data-element_type=\"widget\" data-e-type=\"widget\" data-widget_type=\"spacer.default\">\n\t\t\t\t<div class=\"elementor-widget-container\">\n\t\t\t\t\t\t\t<div class=\"elementor-spacer\">\n\t\t\t<div class=\"elementor-spacer-inner\"><\/div>\n\t\t<\/div>\n\t\t\t\t\t\t<\/div>\n\t\t\t\t<\/div>\n\t\t\t\t\t<\/div>\n\t\t\t\t<\/div>\n\t\t<div class=\"elementor-element elementor-element-3ff43b17 e-flex e-con-boxed e-con e-parent\" data-id=\"3ff43b17\" data-element_type=\"container\" data-e-type=\"container\">\n\t\t\t\t\t<div class=\"e-con-inner\">\n\t\t\t\t<div class=\"elementor-element elementor-element-532a1ab2 elementor-widget elementor-widget-heading\" data-id=\"532a1ab2\" data-element_type=\"widget\" data-e-type=\"widget\" data-widget_type=\"heading.default\">\n\t\t\t\t<div class=\"elementor-widget-container\">\n\t\t\t\t\t<h2 class=\"elementor-heading-title elementor-size-default\">Cocina Econ\u00f3mica - La Amistad<\/h2>\t\t\t\t<\/div>\n\t\t\t\t<\/div>\n\t\t\t\t<div class=\"elementor-element elementor-element-5c199169 elementor-widget-tablet__width-initial elementor-widget elementor-widget-text-editor\" data-id=\"5c199169\" data-element_type=\"widget\" data-e-type=\"widget\" data-widget_type=\"text-editor.default\">\n\t\t\t\t<div class=\"elementor-widget-container\">\n\t\t\t\t\t\t\t\t\t<p>Descubre los sabores de M\u00e9xico en La Cocina Econ\u00f3mica, donde las recetas tradicionales cobran vida en un ambiente acogedor y asequible. Ad\u00e9ntrate en nuestra c\u00e1lida y amigable atm\u00f3sfera, y experimenta la verdadera esencia de la cocina mexicana.<\/p><p>Nuestro men\u00fa muestra una variedad de platillos inspirados en las diversas tradiciones culinarias del Norte, Sur y Centro de M\u00e9xico. Del\u00e9itate con las suculentas carnitas, el tierno cerdo en chile verde o rojo, y una selecci\u00f3n tentadora que incluye burritos, tacos, tortas, pupusas, gorditas, quesadillas y m\u00e1s. Cada bocado es un viaje a trav\u00e9s de los sabores vibrantes que definen la gastronom\u00eda mexicana.<\/p><p>En La Cocina Econ\u00f3mica, nos enorgullece utilizar ingredientes frescos para crear aut\u00e9nticas delicias marinas mexicanas. Deleita tu paladar con refrescante ceviche, sabrosas botanas y aguachiles llenos de sabor que resaltan la generosidad del mar.<\/p><p>Para aquellos que buscan consuelo en un plato, nuestras sopas caseras o caldos seguramente satisfar\u00e1n tus deseos. Disfruta de los sabores intensos y la abundancia de nuestros caldos, incluyendo el querido Menudo, una sopa mexicana cl\u00e1sica reconocida por sus cualidades reconfortantes.<\/p><p>\u00danete a nosotros en La Cocina Econ\u00f3mica y sum\u00e9rgete en una experiencia culinaria que abraza el coraz\u00f3n y el alma de la cocina mexicana. Nuestra dedicaci\u00f3n a ofrecer alimentos de calidad a precios accesibles garantiza que todos puedan disfrutar de los sabores que aman. Ven y saborea el sabor de M\u00e9xico en cada bocado.<\/p>\t\t\t\t\t\t\t\t<\/div>\n\t\t\t\t<\/div>\n\t\t\t\t\t<\/div>\n\t\t\t\t<\/div>\n\t\t\t\t<\/div>\n\t\t","protected":false},"excerpt":{"rendered":"<p>Cocina Econ\u00f3mica &#8211; La Amistad Descubre los sabores de M\u00e9xico en La Cocina Econ\u00f3mica, donde las recetas tradicionales cobran vida en un ambiente acogedor y asequible. Ad\u00e9ntrate en nuestra c\u00e1lida y amigable atm\u00f3sfera, y experimenta la verdadera esencia de la cocina mexicana. Nuestro men\u00fa muestra una variedad de platillos inspirados en las diversas tradiciones culinarias [&hellip;]<\/p>\n","protected":false},"author":1,"featured_media":0,"parent":0,"menu_order":0,"comment_status":"closed","ping_status":"closed","template":"","meta":{"ocean_post_layout":"","ocean_both_sidebars_style":"","ocean_both_sidebars_content_width":0,"ocean_both_sidebars_sidebars_width":0,"ocean_sidebar":"0","ocean_second_sidebar":"0","ocean_disable_margins":"enable","ocean_add_body_class":"","ocean_shortcode_before_top_bar":"","ocean_shortcode_after_top_bar":"","ocean_shortcode_before_header":"","ocean_shortcode_after_header":"","ocean_has_shortcode":"","ocean_shortcode_after_title":"","ocean_shortcode_before_footer_widgets":"","ocean_shortcode_after_footer_widgets":"","ocean_shortcode_before_footer_bottom":"","ocean_shortcode_after_footer_bottom":"","ocean_display_top_bar":"default","ocean_display_header":"default","ocean_header_style":"","ocean_center_header_left_menu":"0","ocean_custom_header_template":"0","ocean_custom_logo":0,"ocean_custom_retina_logo":0,"ocean_custom_logo_max_width":0,"ocean_custom_logo_tablet_max_width":0,"ocean_custom_logo_mobile_max_width":0,"ocean_custom_logo_max_height":0,"ocean_custom_logo_tablet_max_height":0,"ocean_custom_logo_mobile_max_height":0,"ocean_header_custom_menu":"0","ocean_menu_typo_font_family":"0","ocean_menu_typo_font_subset":"","ocean_menu_typo_font_size":0,"ocean_menu_typo_font_size_tablet":0,"ocean_menu_typo_font_size_mobile":0,"ocean_menu_typo_font_size_unit":"px","ocean_menu_typo_font_weight":"","ocean_menu_typo_font_weight_tablet":"","ocean_menu_typo_font_weight_mobile":"","ocean_menu_typo_transform":"","ocean_menu_typo_transform_tablet":"","ocean_menu_typo_transform_mobile":"","ocean_menu_typo_line_height":0,"ocean_menu_typo_line_height_tablet":0,"ocean_menu_typo_line_height_mobile":0,"ocean_menu_typo_line_height_unit":"","ocean_menu_typo_spacing":0,"ocean_menu_typo_spacing_tablet":0,"ocean_menu_typo_spacing_mobile":0,"ocean_menu_typo_spacing_unit":"","ocean_menu_link_color":"","ocean_menu_link_color_hover":"","ocean_menu_link_color_active":"","ocean_menu_link_background":"","ocean_menu_link_hover_background":"","ocean_menu_link_active_background":"","ocean_menu_social_links_bg":"","ocean_menu_social_hover_links_bg":"","ocean_menu_social_links_color":"","ocean_menu_social_hover_links_color":"","ocean_disable_title":"default","ocean_disable_heading":"default","ocean_post_title":"","ocean_post_subheading":"","ocean_post_title_style":"","ocean_post_title_background_color":"","ocean_post_title_background":0,"ocean_post_title_bg_image_position":"","ocean_post_title_bg_image_attachment":"","ocean_post_title_bg_image_repeat":"","ocean_post_title_bg_image_size":"","ocean_post_title_height":0,"ocean_post_title_bg_overlay":0.5,"ocean_post_title_bg_overlay_color":"","ocean_disable_breadcrumbs":"default","ocean_breadcrumbs_color":"","ocean_breadcrumbs_separator_color":"","ocean_breadcrumbs_links_color":"","ocean_breadcrumbs_links_hover_color":"","ocean_display_footer_widgets":"default","ocean_display_footer_bottom":"default","ocean_custom_footer_template":"0","footnotes":""},"class_list":["post-880","page","type-page","status-publish","hentry","entry"],"_links":{"self":[{"href":"https:\/\/savers-costplus.com\/supermarket\/wp-json\/wp\/v2\/pages\/880","targetHints":{"allow":["GET"]}}],"collection":[{"href":"https:\/\/savers-costplus.com\/supermarket\/wp-json\/wp\/v2\/pages"}],"about":[{"href":"https:\/\/savers-costplus.com\/supermarket\/wp-json\/wp\/v2\/types\/page"}],"author":[{"embeddable":true,"href":"https:\/\/savers-costplus.com\/supermarket\/wp-json\/wp\/v2\/users\/1"}],"replies":[{"embeddable":true,"href":"https:\/\/savers-costplus.com\/supermarket\/wp-json\/wp\/v2\/comments?post=880"}],"version-history":[{"count":7,"href":"https:\/\/savers-costplus.com\/supermarket\/wp-json\/wp\/v2\/pages\/880\/revisions"}],"predecessor-version":[{"id":887,"href":"https:\/\/savers-costplus.com\/supermarket\/wp-json\/wp\/v2\/pages\/880\/revisions\/887"}],"wp:attachment":[{"href":"https:\/\/savers-costplus.com\/supermarket\/wp-json\/wp\/v2\/media?parent=880"}],"curies":[{"name":"wp","href":"https:\/\/api.w.org\/{rel}","templated":true}]}}