{"id":916,"date":"2023-05-23T01:06:50","date_gmt":"2023-05-23T01:06:50","guid":{"rendered":"https:\/\/savers-costplus.com\/supermarket\/?page_id=916"},"modified":"2023-05-23T03:32:29","modified_gmt":"2023-05-23T03:32:29","slug":"abarrotes-e-importados","status":"publish","type":"page","link":"https:\/\/savers-costplus.com\/supermarket\/es\/abarrotes-e-importados\/","title":{"rendered":"Abarrotes e Importados"},"content":{"rendered":"\t\t<div data-elementor-type=\"wp-page\" data-elementor-id=\"916\" class=\"elementor elementor-916\">\n\t\t\t\t<div class=\"elementor-element elementor-element-3ffc3e3 e-flex e-con-boxed e-con e-parent\" data-id=\"3ffc3e3\" data-element_type=\"container\" data-e-type=\"container\" data-settings=\"{&quot;background_background&quot;:&quot;classic&quot;}\">\n\t\t\t\t\t<div class=\"e-con-inner\">\n\t\t\t\t<div class=\"elementor-element elementor-element-411467a8 elementor-widget elementor-widget-spacer\" data-id=\"411467a8\" data-element_type=\"widget\" data-e-type=\"widget\" data-widget_type=\"spacer.default\">\n\t\t\t\t<div class=\"elementor-widget-container\">\n\t\t\t\t\t\t\t<div class=\"elementor-spacer\">\n\t\t\t<div class=\"elementor-spacer-inner\"><\/div>\n\t\t<\/div>\n\t\t\t\t\t\t<\/div>\n\t\t\t\t<\/div>\n\t\t\t\t\t<\/div>\n\t\t\t\t<\/div>\n\t\t<div class=\"elementor-element elementor-element-41fdcc8a e-flex e-con-boxed e-con e-parent\" data-id=\"41fdcc8a\" data-element_type=\"container\" data-e-type=\"container\">\n\t\t\t\t\t<div class=\"e-con-inner\">\n\t\t\t\t<div class=\"elementor-element elementor-element-1819cf96 elementor-widget elementor-widget-heading\" data-id=\"1819cf96\" data-element_type=\"widget\" data-e-type=\"widget\" data-widget_type=\"heading.default\">\n\t\t\t\t<div class=\"elementor-widget-container\">\n\t\t\t\t\t<h2 class=\"elementor-heading-title elementor-size-default\">Los Mejores Abarrotes e Importados!<\/h2>\t\t\t\t<\/div>\n\t\t\t\t<\/div>\n\t\t\t\t<div class=\"elementor-element elementor-element-3d366a57 elementor-widget-tablet__width-initial elementor-widget elementor-widget-text-editor\" data-id=\"3d366a57\" data-element_type=\"widget\" data-e-type=\"widget\" data-widget_type=\"text-editor.default\">\n\t\t\t\t<div class=\"elementor-widget-container\">\n\t\t\t\t\t\t\t\t\t<p>En Savers Cost Plus te espera el destino definitivo para tus compras de comestibles. Nos enorgullece ser una tienda de servicio completo que ofrece una amplia gama de productos para satisfacer todas tus necesidades dom\u00e9sticas. Desde abastecer tu despensa, refrigerador y congelador hasta preparar deliciosas comidas y entretener a tus seres queridos, estamos aqu\u00ed para ti.<\/p><p>En Savers, creemos en el poder de la comida para evocar nostalgia y crear una sensaci\u00f3n de hogar. Es por eso que abrazamos sabores de diversas regiones como M\u00e9xico, Centro y Sudam\u00e9rica, el Caribe, Espa\u00f1a, Asia y m\u00e1s. Nuestro objetivo es asegurarnos de que nuestros clientes, que provienen de todo el mundo, encuentren los alimentos y sabores que resuenen con sus ra\u00edces culturales y los hagan sentir como en casa.<\/p><p>Del\u00e9itate en nuestra secci\u00f3n de l\u00e1cteos, donde la frescura reina supremamente. Descubre la mejor leche, mantequilla, huevos criados en pasturas y org\u00e1nicos, yogur, quesos y m\u00e1s, provenientes de proveedores locales. Tambi\u00e9n atendemos necesidades diet\u00e9ticas especiales con una variedad de alternativas vegetales y sustitutos saludables.<\/p><p>Satisface tu sed en nuestros pasillos de bebidas, rebosantes de aguas especializadas, jugos refrescantes, sodas y una amplia selecci\u00f3n de cervezas importadas y nacionales. Los entusiastas del vino se deleitar\u00e1n con nuestra excelente variedad de vinos, que abarca una amplia gama de precios y variedades. Y cuando llegue el momento de relajarte con una margarita, Michelada o tu c\u00f3ctel favorito, encontrar\u00e1s una tentadora variedad de licores y mezcladores para elevar tu experiencia de consumo.<\/p><p>En Savers Cost Plus, nos dedicamos a brindarte los productos que hacen de tu hogar un lugar completo y hacen que tus papilas gustativas bailen de alegr\u00eda. Ingresa a nuestra tienda y perm\u00edtenos ocuparnos de tus necesidades de abarrotes, asegur\u00e1ndonos de que cada comida y reuni\u00f3n sea memorable.<\/p>\t\t\t\t\t\t\t\t<\/div>\n\t\t\t\t<\/div>\n\t\t\t\t\t<\/div>\n\t\t\t\t<\/div>\n\t\t\t\t<\/div>\n\t\t","protected":false},"excerpt":{"rendered":"<p>Los Mejores Abarrotes e Importados! En Savers Cost Plus te espera el destino definitivo para tus compras de comestibles. Nos enorgullece ser una tienda de servicio completo que ofrece una amplia gama de productos para satisfacer todas tus necesidades dom\u00e9sticas. Desde abastecer tu despensa, refrigerador y congelador hasta preparar deliciosas comidas y entretener a tus [&hellip;]<\/p>\n","protected":false},"author":1,"featured_media":0,"parent":0,"menu_order":0,"comment_status":"closed","ping_status":"closed","template":"","meta":{"ocean_post_layout":"","ocean_both_sidebars_style":"","ocean_both_sidebars_content_width":0,"ocean_both_sidebars_sidebars_width":0,"ocean_sidebar":"0","ocean_second_sidebar":"0","ocean_disable_margins":"enable","ocean_add_body_class":"","ocean_shortcode_before_top_bar":"","ocean_shortcode_after_top_bar":"","ocean_shortcode_before_header":"","ocean_shortcode_after_header":"","ocean_has_shortcode":"","ocean_shortcode_after_title":"","ocean_shortcode_before_footer_widgets":"","ocean_shortcode_after_footer_widgets":"","ocean_shortcode_before_footer_bottom":"","ocean_shortcode_after_footer_bottom":"","ocean_display_top_bar":"default","ocean_display_header":"default","ocean_header_style":"","ocean_center_header_left_menu":"0","ocean_custom_header_template":"0","ocean_custom_logo":0,"ocean_custom_retina_logo":0,"ocean_custom_logo_max_width":0,"ocean_custom_logo_tablet_max_width":0,"ocean_custom_logo_mobile_max_width":0,"ocean_custom_logo_max_height":0,"ocean_custom_logo_tablet_max_height":0,"ocean_custom_logo_mobile_max_height":0,"ocean_header_custom_menu":"0","ocean_menu_typo_font_family":"0","ocean_menu_typo_font_subset":"","ocean_menu_typo_font_size":0,"ocean_menu_typo_font_size_tablet":0,"ocean_menu_typo_font_size_mobile":0,"ocean_menu_typo_font_size_unit":"px","ocean_menu_typo_font_weight":"","ocean_menu_typo_font_weight_tablet":"","ocean_menu_typo_font_weight_mobile":"","ocean_menu_typo_transform":"","ocean_menu_typo_transform_tablet":"","ocean_menu_typo_transform_mobile":"","ocean_menu_typo_line_height":0,"ocean_menu_typo_line_height_tablet":0,"ocean_menu_typo_line_height_mobile":0,"ocean_menu_typo_line_height_unit":"","ocean_menu_typo_spacing":0,"ocean_menu_typo_spacing_tablet":0,"ocean_menu_typo_spacing_mobile":0,"ocean_menu_typo_spacing_unit":"","ocean_menu_link_color":"","ocean_menu_link_color_hover":"","ocean_menu_link_color_active":"","ocean_menu_link_background":"","ocean_menu_link_hover_background":"","ocean_menu_link_active_background":"","ocean_menu_social_links_bg":"","ocean_menu_social_hover_links_bg":"","ocean_menu_social_links_color":"","ocean_menu_social_hover_links_color":"","ocean_disable_title":"default","ocean_disable_heading":"default","ocean_post_title":"","ocean_post_subheading":"","ocean_post_title_style":"","ocean_post_title_background_color":"","ocean_post_title_background":0,"ocean_post_title_bg_image_position":"","ocean_post_title_bg_image_attachment":"","ocean_post_title_bg_image_repeat":"","ocean_post_title_bg_image_size":"","ocean_post_title_height":0,"ocean_post_title_bg_overlay":0.5,"ocean_post_title_bg_overlay_color":"","ocean_disable_breadcrumbs":"default","ocean_breadcrumbs_color":"","ocean_breadcrumbs_separator_color":"","ocean_breadcrumbs_links_color":"","ocean_breadcrumbs_links_hover_color":"","ocean_display_footer_widgets":"default","ocean_display_footer_bottom":"default","ocean_custom_footer_template":"0","footnotes":""},"class_list":["post-916","page","type-page","status-publish","hentry","entry"],"_links":{"self":[{"href":"https:\/\/savers-costplus.com\/supermarket\/wp-json\/wp\/v2\/pages\/916","targetHints":{"allow":["GET"]}}],"collection":[{"href":"https:\/\/savers-costplus.com\/supermarket\/wp-json\/wp\/v2\/pages"}],"about":[{"href":"https:\/\/savers-costplus.com\/supermarket\/wp-json\/wp\/v2\/types\/page"}],"author":[{"embeddable":true,"href":"https:\/\/savers-costplus.com\/supermarket\/wp-json\/wp\/v2\/users\/1"}],"replies":[{"embeddable":true,"href":"https:\/\/savers-costplus.com\/supermarket\/wp-json\/wp\/v2\/comments?post=916"}],"version-history":[{"count":8,"href":"https:\/\/savers-costplus.com\/supermarket\/wp-json\/wp\/v2\/pages\/916\/revisions"}],"predecessor-version":[{"id":924,"href":"https:\/\/savers-costplus.com\/supermarket\/wp-json\/wp\/v2\/pages\/916\/revisions\/924"}],"wp:attachment":[{"href":"https:\/\/savers-costplus.com\/supermarket\/wp-json\/wp\/v2\/media?parent=916"}],"curies":[{"name":"wp","href":"https:\/\/api.w.org\/{rel}","templated":true}]}}