{"id":963,"date":"2023-05-23T03:12:10","date_gmt":"2023-05-23T03:12:10","guid":{"rendered":"https:\/\/savers-costplus.com\/supermarket\/?page_id=963"},"modified":"2023-05-23T03:15:36","modified_gmt":"2023-05-23T03:15:36","slug":"politica-de-privacidad","status":"publish","type":"page","link":"https:\/\/savers-costplus.com\/supermarket\/es\/politica-de-privacidad\/","title":{"rendered":"Politica de Privacidad"},"content":{"rendered":"\t\t<div data-elementor-type=\"wp-page\" data-elementor-id=\"963\" class=\"elementor elementor-963\">\n\t\t\t\t\t\t<section class=\"elementor-section elementor-top-section elementor-element elementor-element-1e16a0a9 elementor-section-boxed elementor-section-height-default elementor-section-height-default\" data-id=\"1e16a0a9\" data-element_type=\"section\" data-e-type=\"section\">\n\t\t\t\t\t\t<div class=\"elementor-container elementor-column-gap-default\">\n\t\t\t\t\t<div class=\"elementor-column elementor-col-100 elementor-top-column elementor-element elementor-element-521fe87d\" data-id=\"521fe87d\" data-element_type=\"column\" data-e-type=\"column\">\n\t\t\t<div class=\"elementor-widget-wrap elementor-element-populated\">\n\t\t\t\t\t\t<div class=\"elementor-element elementor-element-36f44d7 elementor-widget elementor-widget-heading\" data-id=\"36f44d7\" data-element_type=\"widget\" data-e-type=\"widget\" data-widget_type=\"heading.default\">\n\t\t\t\t<div class=\"elementor-widget-container\">\n\t\t\t\t\t<h2 class=\"elementor-heading-title elementor-size-default\">Politica de privacidad<\/h2>\t\t\t\t<\/div>\n\t\t\t\t<\/div>\n\t\t\t\t<div class=\"elementor-element elementor-element-10303e67 elementor-widget elementor-widget-text-editor\" data-id=\"10303e67\" data-element_type=\"widget\" data-e-type=\"widget\" data-widget_type=\"text-editor.default\">\n\t\t\t\t<div class=\"elementor-widget-container\">\n\t\t\t\t\t\t\t\t\t<p><\/p><h1 class=\"wp-block-heading\">Politica de Privacidad<\/h1><div class=\"wplegal-form-row\"><div class=\"wplegal-page-preview\"><div class=\"page_preview\"><p>Bienvenido a https:\/\/savers-costplus.com\/supermarket (el &#8220;sitio&#8221;). Entendemos que la privacidad en l\u00ednea es importante para los usuarios de nuestro Sitio, especialmente cuando realizan negocios. Esta declaraci\u00f3n rige nuestras pol\u00edticas de privacidad con respecto a aquellos usuarios del Sitio (&#8220;Visitantes&#8221;) que visitan sin realizar transacciones comerciales y Visitantes que se registran para realizar transacciones comerciales en el Sitio y hacen uso de los diversos servicios ofrecidos por Savers Supermercado Cost Plus (colectivamente, &#8220;Servicios&#8221;) (&#8220;Clientes autorizados&#8221;).<\/p><h3>&#8220;Informaci\u00f3n de identificaci\u00f3n personal&#8221;<\/h3><p>se refiere a cualquier informaci\u00f3n que identifique o pueda usarse para identificar, contactar o ubicar a la persona a quien pertenece dicha informaci\u00f3n, incluidos, entre otros, nombre, direcci\u00f3n, n\u00famero de tel\u00e9fono, n\u00famero de fax, direcci\u00f3n de correo electr\u00f3nico, perfiles financieros, seguridad social n\u00famero e informaci\u00f3n de la tarjeta de cr\u00e9dito. La informaci\u00f3n de identificaci\u00f3n personal no incluye informaci\u00f3n que se recopila de forma an\u00f3nima (es decir, sin la identificaci\u00f3n del usuario individual) o informaci\u00f3n demogr\u00e1fica no relacionada con una persona identificada.<\/p><h3>Lo que personalmente se recopila informaci\u00f3n de identificaci\u00f3n?<\/h3><p>Podemos recopilar informaci\u00f3n b\u00e1sica del perfil de usuario de todos nuestros Visitantes. Recopilamos la siguiente informaci\u00f3n adicional de nuestros Clientes Autorizados: the name, email address, phone number, address, social media profile information,<\/p><h3>Que organizaciones est\u00e1n recopilando la informaci\u00f3n?<\/h3><p>Adem\u00e1s de nuestra recopilaci\u00f3n directa de informaci\u00f3n, nuestros proveedores de servicios externos (como compa\u00f1\u00edas de tarjetas de cr\u00e9dito, c\u00e1maras de compensaci\u00f3n y bancos) que pueden proporcionar servicios tales como servicios de cr\u00e9dito, seguros y dep\u00f3sito en garant\u00eda pueden recopilar esta informaci\u00f3n de nuestros Visitantes y Clientes autorizados. No controlamos c\u00f3mo estos terceros usan dicha informaci\u00f3n, pero les pedimos que divulguen c\u00f3mo usan la informaci\u00f3n personal que les proporcionan los Visitantes y los Clientes autorizados. Algunos de estos terceros pueden ser intermediarios que act\u00faan \u00fanicamente como eslabones en la cadena de distribuci\u00f3n y no almacenan, retienen ni utilizan la informaci\u00f3n que se les proporciona.<\/p><h3>Como utiliza el Sitio la informaci\u00f3n de identificaci\u00f3n personal?<\/h3><p>Usamos informaci\u00f3n de identificaci\u00f3n personal para personalizar el sitio, realizar ofertas de servicios adecuadas y cumplir con las solicitudes de compra y venta en el sitio. Podemos enviar correos electr\u00f3nicos a los Visitantes y Clientes autorizados sobre investigaciones u oportunidades de compra y venta en el Sitio o informaci\u00f3n relacionada con el tema del Sitio. Tambi\u00e9n podemos usar informaci\u00f3n de identificaci\u00f3n personal para contactar a los visitantes y clientes autorizados en respuesta a consultas espec\u00edficas o para proporcionar la informaci\u00f3n solicitada.<\/p><h3>Con quien se podr\u00e1 compartir la informaci\u00f3n?<\/h3><p>La informaci\u00f3n de identificaci\u00f3n personal sobre los Clientes autorizados se puede compartir con otros Clientes autorizados que deseen evaluar transacciones potenciales con otros Clientes autorizados. Podemos compartir informaci\u00f3n agregada sobre nuestros Visitantes, incluidos los datos demogr\u00e1ficos de nuestros Visitantes y Clientes autorizados, con nuestras agencias afiliadas y proveedores externos. Tambi\u00e9n ofrecemos la oportunidad de &#8220;optar por no recibir&#8221; informaci\u00f3n o ser contactado por nosotros o por cualquier agencia que act\u00fae en nuestro nombre.<\/p><h3>\u00bfC\u00f3mo se almacena informaci\u00f3n de identificaci\u00f3n personal?<\/h3><p>Informaci\u00f3n de identificaci\u00f3n personal recopilada por Savers Supermercado Cost Plus se almacena de forma segura y no es accesible para terceros o empleados de Savers Supermercado Cost Plus excepto para el uso indicado anteriormente.<\/p><h3>Que opciones tienen los Visitantes sobre la recolecci\u00f3n, uso y distribucion de la informaci\u00f3n?<\/h3><p>Los visitantes y clientes autorizados pueden optar por no recibir informaci\u00f3n no solicitada o de ser contactado por nosotros y \/ o nuestros proveedores y afiliados agencias respondiendo a mensajes de correo electr\u00f3nico con las instrucciones, o poni\u00e9ndose en contacto con nosotros a trav\u00e9s de nuestro Help Desk admin@savers-costplus.com<\/p><h3>Cookies<\/h3><p>Una cookie es una cadena de informaci\u00f3n que los sitios web almacenan en la computadora de los visitantes y que se proporciona al sitio web a trav\u00e9s del navegador del visitante cada vez que este accede al sitio web.<\/p><p>Utilizamos &#8220;cookies&#8221; para recopilar informaci\u00f3n. Puede indicar a su navegador que rechace todas las cookies o que indique cu\u00e1ndo se env\u00eda una cookie. Sin embargo, si no acepta las cookies, es posible que no pueda utilizar algunas partes de nuestro Servicio.<\/p><h3>Se usan &#8220;cookies&#8221; en el Sitio?<\/h3><p>Las cookies se utilizan por una variedad de razones. Utilizamos Cookies para obtener informaci\u00f3n sobre las preferencias de nuestros Visitantes y los servicios que seleccionan. Tambi\u00e9n utilizamos cookies por motivos de seguridad para proteger a nuestros clientes autorizados. Por ejemplo, si un Cliente autorizado inicia sesi\u00f3n y el sitio no se utiliza durante m\u00e1s de 10 minutos, autom\u00e1ticamente cerraremos la sesi\u00f3n del Cliente autorizado. Los visitantes que no deseen que se coloquen cookies en sus computadoras deben configurar sus navegadores para que rechacen las cookies antes de usarlas https:\/\/savers-costplus.com\/supermarket , con el inconveniente de que ciertas caracter\u00edsticas del sitio web pueden no funcionar correctamente sin la ayuda de cookies.<\/p><h3>Cookies utilizadas por nuestros proveedores de servicios<\/h3><p>Nuestros proveedores de servicios utilizan cookies y esas cookies pueden almacenarse en su computadora cuando visita nuestro sitio web. Puede encontrar m\u00e1s detalles sobre qu\u00e9 cookies se utilizan en nuestra p\u00e1gina de informaci\u00f3n sobre cookies.<\/p><h3>\u00bfC\u00f3mo utiliza WPLegalPages la informaci\u00f3n de inicio de sesi\u00f3n?<\/h3><p>Savers Supermercado Cost Plus utiliza informaci\u00f3n de inicio de sesi\u00f3n, incluidas, entre otras, direcciones IP, ISP y tipos de navegador, versi\u00f3n del navegador, p\u00e1ginas visitadas, fecha y hora de la visita, para analizar tendencias, administrar el Sitio, rastrear el movimiento y el uso de un usuario y recopilar informaci\u00f3n demogr\u00e1fica amplia.<\/p><h3>Que socios o proveedores de servicios tienen acceso a la informaci\u00f3n del visitantes y \/ o clientes autorizados en el sitio?<\/h3><p>Savers Supermercado Cost Plus ha entrado y seguir\u00e1 entrando en sociedades y otras afiliaciones con una serie de proveedores. Dichos proveedores pueden tener acceso a cierta informaci\u00f3n de identificaci\u00f3n personal si necesitan conocer la base para evaluar la elegibilidad del servicio de los Clientes autorizados. Nuestra pol\u00edtica de privacidad no cubre su recopilaci\u00f3n o uso de esta informaci\u00f3n.<\/p><h3>Como se mantiene segura la Informaci\u00f3n?<\/h3><p>Todos nuestros empleados est\u00e1n familiarizados con nuestra pol\u00edtica y pr\u00e1cticas de seguridad. La informaci\u00f3n de identificaci\u00f3n personal de nuestros visitantes y clientes autorizados solo es accesible para un n\u00famero limitado de empleados calificados a quienes se les proporciona una contrase\u00f1a para poder acceder a la informaci\u00f3n. Auditamos nuestros sistemas y procesos de seguridad peri\u00f3dicamente. La informaci\u00f3n confidencial, como n\u00fameros de tarjetas de cr\u00e9dito o n\u00fameros de seguro social, est\u00e1 protegida por protocolos de encriptaci\u00f3n, establecidos para proteger la informaci\u00f3n enviada a trav\u00e9s de Internet. Si bien tomamos medidas comercialmente razonables para mantener un sitio seguro, las comunicaciones electr\u00f3nicas y las bases de datos est\u00e1n sujetas a errores, manipulaciones e intrusiones, y no podemos garantizar que tales eventos no se llevar\u00e1n a cabo y no seremos responsables ante los Visitantes o Clientes autorizados para tales ocurrencias.<\/p><h3>\u00bfC\u00f3mo pueden los visitantes corregir cualquier inexactitud en la informaci\u00f3n personalmente identificable?<\/h3><p>Los visitantes y los clientes autorizados pueden comunicarse con nosotros para actualizar la informaci\u00f3n de identificaci\u00f3n personal sobre ellos o para corregir cualquier inexactitud envi\u00e1ndonos un correo electr\u00f3nico a admin@savers-costplus.com .<\/p><h3>Puede un Visitante eliminar o desactivar la informaci\u00f3n recolectada por el sitio?<\/h3><p>Proporcionamos a los visitantes y clientes autorizados un mecanismo para eliminar\/desactivar la informaci\u00f3n de identificaci\u00f3n personal de la base de datos del sitio contactando. Sin embargo, debido a las copias de seguridad y los registros de eliminaciones, puede ser imposible eliminar la entrada de un Visitante sin conservar alguna informaci\u00f3n residual. Una persona que solicite que se desactive la informaci\u00f3n de identificaci\u00f3n personal, esta informaci\u00f3n se eliminar\u00e1 funcionalmente, y no venderemos, transferiremos ni utilizaremos la informaci\u00f3n de identificaci\u00f3n personal relacionada con esa persona de ninguna manera en el futuro.<\/p><h3>Sus derechos<\/h3><p>Estos son los derechos resumidos que tiene bajo la ley de protecci\u00f3n de datos<\/p><ul><li>Derecho de acceso<\/li><li>Derecho de rectificaci\u00f3n<\/li><li>El derecho a la supresi\u00f3n<\/li><li>Derecho a restringir el tratamiento<\/li><li>Derecho de oponerse al tratamiento<\/li><li>El derecho a la portabilidad de los datos<\/li><li>El derecho a presentar una reclamaci\u00f3n ante una autoridad de control<\/li><li>El derecho a retirar el consentimiento<\/li><\/ul><p>\u00a0<\/p><h3>Privacidad de los ni\u00f1os<\/h3><p>Nuestro Servicio no se dirige a &#8220;Ni\u00f1os&#8221;, a ninguna persona menor de 18 a\u00f1os, y no recopilamos a sabiendas informaci\u00f3n de identificaci\u00f3n personal de ni\u00f1os menores de 18 a\u00f1os.<\/p><p>Si usted es un padre o tutor y sabe que su hijo nos ha proporcionado informaci\u00f3n personal, p\u00f3ngase en contacto con nosotros de inmediato en los datos de contacto proporcionados. Si llegamos a saber que los ni\u00f1os menores de 18 a\u00f1os han proporcionado informaci\u00f3n personal, eliminaremos la informaci\u00f3n de nuestros servidores de inmediato.<\/p><h3>Observancia de las leyes<\/h3><p>Divulgaci\u00f3n de informaci\u00f3n de identificaci\u00f3n personal para cumplir con la ley. Divulgaremos informaci\u00f3n de identificaci\u00f3n personal para cumplir con una orden judicial o citaci\u00f3n o una solicitud de una agencia de aplicaci\u00f3n de la ley para divulgar informaci\u00f3n. Tambi\u00e9n divulgaremos informaci\u00f3n de identificaci\u00f3n personal cuando sea razonablemente necesario para proteger la seguridad de nuestros visitantes y clientes autorizados.<\/p><h3>Que pasa si la pol\u00edtica de privacidad cambia?<\/h3><p>Informaremos a nuestros Visitantes y Clientes autorizados sobre los cambios en nuestra pol\u00edtica de privacidad mediante la publicaci\u00f3n de dichos cambios en el Sitio. Sin embargo, si cambiamos nuestra pol\u00edtica de privacidad de una manera que pueda causar la divulgaci\u00f3n de informaci\u00f3n de identificaci\u00f3n personal que un Visitante o Cliente autorizado ha solicitado previamente que no se divulgue, nos comunicaremos con dicho Visitante o Cliente autorizado para permitir que dicho Visitante o Cliente autorizado evite tal divulgaci\u00f3n.<\/p><h3>Enlaces<\/h3><p>https:\/\/savers-costplus.com\/supermarket Tenga en cuenta que al hacer clic en uno de estos enlaces, usted se est\u00e1 moviendo a otro sitio web. Le animamos a leer las declaraciones de privacidad de estos sitios vinculados, ya sus pol\u00edticas de privacidad pueden diferir de las nuestras.<\/p><h3>Cont\u00e1ctenos<\/h3><p>Si usted tiene alguna pregunta sobre esta Pol\u00edtica de Privacidad, por favor, p\u00f3ngase en contacto con nosotros: admin@savers-costplus.com<\/p><hr \/><p>\u00daltima actualizaci\u00f3n: May 23, 2023<\/p><\/div><\/div><\/div><p><\/p>\t\t\t\t\t\t\t\t<\/div>\n\t\t\t\t<\/div>\n\t\t\t\t\t<\/div>\n\t\t<\/div>\n\t\t\t\t\t<\/div>\n\t\t<\/section>\n\t\t\t\t<\/div>\n\t\t","protected":false},"excerpt":{"rendered":"<p>Politica de privacidad Politica de Privacidad Bienvenido a https:\/\/savers-costplus.com\/supermarket (el &#8220;sitio&#8221;). Entendemos que la privacidad en l\u00ednea es importante para los usuarios de nuestro Sitio, especialmente cuando realizan negocios. Esta declaraci\u00f3n rige nuestras pol\u00edticas de privacidad con respecto a aquellos usuarios del Sitio (&#8220;Visitantes&#8221;) que visitan sin realizar transacciones comerciales y Visitantes que se registran [&hellip;]<\/p>\n","protected":false},"author":1,"featured_media":0,"parent":0,"menu_order":0,"comment_status":"closed","ping_status":"closed","template":"","meta":{"ocean_post_layout":"","ocean_both_sidebars_style":"","ocean_both_sidebars_content_width":0,"ocean_both_sidebars_sidebars_width":0,"ocean_sidebar":"0","ocean_second_sidebar":"0","ocean_disable_margins":"enable","ocean_add_body_class":"","ocean_shortcode_before_top_bar":"","ocean_shortcode_after_top_bar":"","ocean_shortcode_before_header":"","ocean_shortcode_after_header":"","ocean_has_shortcode":"","ocean_shortcode_after_title":"","ocean_shortcode_before_footer_widgets":"","ocean_shortcode_after_footer_widgets":"","ocean_shortcode_before_footer_bottom":"","ocean_shortcode_after_footer_bottom":"","ocean_display_top_bar":"default","ocean_display_header":"default","ocean_header_style":"","ocean_center_header_left_menu":"0","ocean_custom_header_template":"0","ocean_custom_logo":0,"ocean_custom_retina_logo":0,"ocean_custom_logo_max_width":0,"ocean_custom_logo_tablet_max_width":0,"ocean_custom_logo_mobile_max_width":0,"ocean_custom_logo_max_height":0,"ocean_custom_logo_tablet_max_height":0,"ocean_custom_logo_mobile_max_height":0,"ocean_header_custom_menu":"0","ocean_menu_typo_font_family":"0","ocean_menu_typo_font_subset":"","ocean_menu_typo_font_size":0,"ocean_menu_typo_font_size_tablet":0,"ocean_menu_typo_font_size_mobile":0,"ocean_menu_typo_font_size_unit":"px","ocean_menu_typo_font_weight":"","ocean_menu_typo_font_weight_tablet":"","ocean_menu_typo_font_weight_mobile":"","ocean_menu_typo_transform":"","ocean_menu_typo_transform_tablet":"","ocean_menu_typo_transform_mobile":"","ocean_menu_typo_line_height":0,"ocean_menu_typo_line_height_tablet":0,"ocean_menu_typo_line_height_mobile":0,"ocean_menu_typo_line_height_unit":"","ocean_menu_typo_spacing":0,"ocean_menu_typo_spacing_tablet":0,"ocean_menu_typo_spacing_mobile":0,"ocean_menu_typo_spacing_unit":"","ocean_menu_link_color":"","ocean_menu_link_color_hover":"","ocean_menu_link_color_active":"","ocean_menu_link_background":"","ocean_menu_link_hover_background":"","ocean_menu_link_active_background":"","ocean_menu_social_links_bg":"","ocean_menu_social_hover_links_bg":"","ocean_menu_social_links_color":"","ocean_menu_social_hover_links_color":"","ocean_disable_title":"default","ocean_disable_heading":"default","ocean_post_title":"","ocean_post_subheading":"","ocean_post_title_style":"","ocean_post_title_background_color":"","ocean_post_title_background":0,"ocean_post_title_bg_image_position":"","ocean_post_title_bg_image_attachment":"","ocean_post_title_bg_image_repeat":"","ocean_post_title_bg_image_size":"","ocean_post_title_height":0,"ocean_post_title_bg_overlay":0.5,"ocean_post_title_bg_overlay_color":"","ocean_disable_breadcrumbs":"default","ocean_breadcrumbs_color":"","ocean_breadcrumbs_separator_color":"","ocean_breadcrumbs_links_color":"","ocean_breadcrumbs_links_hover_color":"","ocean_display_footer_widgets":"default","ocean_display_footer_bottom":"default","ocean_custom_footer_template":"0","footnotes":""},"class_list":["post-963","page","type-page","status-publish","hentry","entry"],"_links":{"self":[{"href":"https:\/\/savers-costplus.com\/supermarket\/wp-json\/wp\/v2\/pages\/963","targetHints":{"allow":["GET"]}}],"collection":[{"href":"https:\/\/savers-costplus.com\/supermarket\/wp-json\/wp\/v2\/pages"}],"about":[{"href":"https:\/\/savers-costplus.com\/supermarket\/wp-json\/wp\/v2\/types\/page"}],"author":[{"embeddable":true,"href":"https:\/\/savers-costplus.com\/supermarket\/wp-json\/wp\/v2\/users\/1"}],"replies":[{"embeddable":true,"href":"https:\/\/savers-costplus.com\/supermarket\/wp-json\/wp\/v2\/comments?post=963"}],"version-history":[{"count":5,"href":"https:\/\/savers-costplus.com\/supermarket\/wp-json\/wp\/v2\/pages\/963\/revisions"}],"predecessor-version":[{"id":969,"href":"https:\/\/savers-costplus.com\/supermarket\/wp-json\/wp\/v2\/pages\/963\/revisions\/969"}],"wp:attachment":[{"href":"https:\/\/savers-costplus.com\/supermarket\/wp-json\/wp\/v2\/media?parent=963"}],"curies":[{"name":"wp","href":"https:\/\/api.w.org\/{rel}","templated":true}]}}