{"id":978,"date":"2023-05-23T03:19:15","date_gmt":"2023-05-23T03:19:15","guid":{"rendered":"https:\/\/savers-costplus.com\/supermarket\/?page_id=978"},"modified":"2023-05-23T03:20:34","modified_gmt":"2023-05-23T03:20:34","slug":"terminos-de-uso","status":"publish","type":"page","link":"https:\/\/savers-costplus.com\/supermarket\/es\/terminos-de-uso\/","title":{"rendered":"Terminos de uso"},"content":{"rendered":"\t\t<div data-elementor-type=\"wp-page\" data-elementor-id=\"978\" class=\"elementor elementor-978\">\n\t\t\t\t<div class=\"elementor-element elementor-element-f4ce3e3 e-flex e-con-boxed e-con e-parent\" data-id=\"f4ce3e3\" data-element_type=\"container\" data-e-type=\"container\">\n\t\t\t\t\t<div class=\"e-con-inner\">\n\t\t\t\t<div class=\"elementor-element elementor-element-30bfe24 elementor-widget elementor-widget-text-editor\" data-id=\"30bfe24\" data-element_type=\"widget\" data-e-type=\"widget\" data-widget_type=\"text-editor.default\">\n\t\t\t\t<div class=\"elementor-widget-container\">\n\t\t\t\t\t\t\t\t\t<h1>Terminos de uso<\/h1><p>Estos T\u00e9rminos rigen su acceso, uso de todo el contenido, Producto y Servicios disponibles en https:\/\/savers-costplus.com\/supermarket sitio web (el &#8220;Servicio&#8221;) operado por Savers Supermercado Cost Plus (&#8220;nosotros&#8221;, &#8220;nosotros&#8221; o &#8220;nuestro&#8221;).<\/p><p>Su acceso a nuestros servicios est\u00e1 sujeto a su aceptaci\u00f3n, sin modificaciones, de todos los t\u00e9rminos y condiciones contenidos en este documento y todas las dem\u00e1s reglas y pol\u00edticas operativas publicadas y que puedan ser publicadas de vez en cuando por nosotros.<\/p><p>Lea detenidamente el Acuerdo antes de acceder o utilizar nuestros Servicios. Al acceder o utilizar cualquier parte de nuestros Servicios, usted acepta estar sujeto a estos T\u00e9rminos. Si no est\u00e1 de acuerdo con alguna parte de los t\u00e9rminos del Acuerdo, entonces no puede acceder ni utilizar nuestros Servicios.<\/p><h3>Propiedad intelectual<\/h3><p>El Acuerdo no transfiere de Nosotros a usted ninguna propiedad intelectual Nuestra o de terceros, y todos los derechos, t\u00edtulos e intereses sobre dicha propiedad permanecer\u00e1n (entre las partes) \u00fanicamente con Savers Supermercado Cost Plus y sus licenciantes.<\/p><h3>Servicios de Terceros<\/h3><p>Al utilizar los Servicios, puede utilizar servicios, productos, software, incrustaciones o aplicaciones de terceros desarrollados por un tercero (&#8220;Servicios de terceros&#8221;).<\/p><p>Si utilizas Servicios externos, entiendes que:<\/p><ul><li>Cualquier uso que hagas de los Servicios externos ser\u00e1 bajo tu propia responsabilidad y no seremos ni se nos har\u00e1 responsables de ellos.<\/li><li>Adem\u00e1s, reconoce y acepta que no seremos responsables, directa o indirectamente, por ning\u00fan da\u00f1o o p\u00e9rdida causados o supuestamente causados por o en relaci\u00f3n con el uso, la confianza depositada en cualquier contenido, bienes o servicios disponibles en o a trav\u00e9s de cualquier sitio o recurso de ese tipo.<\/li><\/ul><p>\u00a0<\/p><h3>Cuentas<\/h3><p>Si necesitas una cuenta para utilizar nuestros Servicios, aceptas proporcionarnos informaci\u00f3n completa y precisa al registrarte.<\/p><p>Usted ser\u00e1 el \u00fanico responsable de cualquier actividad que ocurra bajo su cuenta. Usted es responsable de mantener actualizada la informaci\u00f3n de su cuenta y de mantener su contrase\u00f1a segura.<\/p><p>Usted es responsable de mantener la seguridad de su cuenta que utiliza para acceder al Servicio. No debe compartir ni hacer un uso indebido de sus credenciales de acceso. Debe notificarnos inmediatamente de cualquier uso no autorizado de su cuenta o al tener conocimiento de cualquier otra violaci\u00f3n de la seguridad.<\/p><h3>Enlaces a otros sitios web<\/h3><p>Nuestro Servicio puede contener enlaces a sitios web o servicios de terceros que no son propiedad ni est\u00e1n controlados por Savers Supermercado Cost Plus .<\/p><p>Savers Supermercado Cost Plus no asume ninguna responsabilidad por el contenido, las pol\u00edticas de privacidad o las pr\u00e1cticas de los sitios web o servicios de terceros. Savers Supermercado Cost Plus Usted adem\u00e1s reconoce y acepta que la Empresa no ser\u00e1 responsable, directa o indirectamente, de ning\u00fan da\u00f1o o p\u00e9rdida causado o presuntamente causado por o en relaci\u00f3n con el uso de cualquier contenido, productos o servicios disponibles en o a trav\u00e9s de cualquier sitio web de terceros.<\/p><p>Le recomendamos encarecidamente que lea los t\u00e9rminos y condiciones y las pol\u00edticas de privacidad de cualquier sitio web o servicio de terceros que visite.<\/p><h3>Terminaci\u00f3n<\/h3><p>Podemos cancelar tu acceso a todos nuestros Servicios o a parte de ellos en cualquier momento, con o sin motivo y con o sin previo aviso; dicha cancelaci\u00f3n se har\u00e1 efectiva inmediatamente.<\/p><p>Si desea rescindir el Acuerdo o su Savers Supermercado Cost Plus simplemente puede dejar de usar nuestros Servicios.<\/p><p>Todas las disposiciones del Acuerdo que, por su naturaleza, deban seguir siendo efectivas tras la cancelaci\u00f3n, lo seguir\u00e1n siendo, incluidas, entre otras, las disposiciones de propiedad, las exenciones de garant\u00edas, las indemnizaciones y las limitaciones de responsabilidad.<\/p><h3>Renuncia<\/h3><p>Nuestros Servicios se proporcionan &#8220;TAL CUAL.&#8221; y &#8220;SEG\u00daN DISPONIBILIDAD&#8221;. Savers Supermercado Cost Plus y sus proveedores y licenciantes renuncian a todas las garant\u00edas de cualquier tipo, expresas o impl\u00edcitas, incluidas, entre otras, las garant\u00edas de comerciabilidad, idoneidad para un prop\u00f3sito particular y no infracci\u00f3n. Ninguno Savers Supermercado Cost Plus Ni Automattic ni sus proveedores u otorgantes de licencias garantizan que nuestros Servicios est\u00e9n libres de errores o que el acceso a ellos sea continuo o ininterrumpido<\/p><p>Entiendes que realizas descargas de nuestros Servicios, o que de otro modo obtienes contenido o servicios a trav\u00e9s de ellos, por tu propia cuenta y riesgo.<\/p><h3>Jurisdicci\u00f3n y Ley aplicable<\/h3><p>Excepto en la medida en que cualquier ley aplicable disponga lo contrario, el Acuerdo y cualquier acceso o uso de nuestros Servicios se regir\u00e1n por las leyes de Nueva York.<\/p><p>Asimismo, el lugar adecuado para los conflictos que surjan o est\u00e9n relacionados con el Acuerdo y el acceso o uso de nuestros Servicios ser\u00e1 los tribunales estatales o federales del condado de San Francisco, California.<\/p><h3>Cambios<\/h3><p>Savers Supermercado Cost Plus nos reservamos el derecho, a Nuestro exclusivo criterio, de modificar o reemplazar estos T\u00e9rminos en cualquier momento.<\/p><p>Si realizamos cambios que son materiales, se lo haremos saber publicando en nuestro sitio web o envi\u00e1ndole un correo electr\u00f3nico u otra comunicaci\u00f3n antes de que los cambios entren en vigor. El aviso designar\u00e1 un per\u00edodo de tiempo razonable despu\u00e9s del cual los nuevos t\u00e9rminos entrar\u00e1n en vigor.<\/p><p>Intentaremos proporcionar al menos 30 Si no est\u00e1s de acuerdo con los cambios, deber\u00e1s dejar de usar nuestros Servicios antes de que finalice el periodo que se indica en el aviso o una vez se hagan efectivos nuestros cambios.<\/p><p>Si contin\u00faas usando nuestros Servicios, estar\u00e1s sujeto a las nuevas condiciones.<\/p><h3>Cont\u00e1ctenos<\/h3><p>Si tiene alguna pregunta sobre estos T\u00e9rminos, por favor p\u00f3ngase en contacto con nosotros admin@savers-costplus.com<\/p><hr \/><p>\u00daltima actualizaci\u00f3n: May 23, 2023<\/p>\t\t\t\t\t\t\t\t<\/div>\n\t\t\t\t<\/div>\n\t\t\t\t\t<\/div>\n\t\t\t\t<\/div>\n\t\t\t\t<\/div>\n\t\t","protected":false},"excerpt":{"rendered":"<p>Terminos de uso Estos T\u00e9rminos rigen su acceso, uso de todo el contenido, Producto y Servicios disponibles en https:\/\/savers-costplus.com\/supermarket sitio web (el &#8220;Servicio&#8221;) operado por Savers Supermercado Cost Plus (&#8220;nosotros&#8221;, &#8220;nosotros&#8221; o &#8220;nuestro&#8221;). Su acceso a nuestros servicios est\u00e1 sujeto a su aceptaci\u00f3n, sin modificaciones, de todos los t\u00e9rminos y condiciones contenidos en este documento [&hellip;]<\/p>\n","protected":false},"author":1,"featured_media":0,"parent":0,"menu_order":0,"comment_status":"closed","ping_status":"closed","template":"","meta":{"ocean_post_layout":"","ocean_both_sidebars_style":"","ocean_both_sidebars_content_width":0,"ocean_both_sidebars_sidebars_width":0,"ocean_sidebar":"0","ocean_second_sidebar":"0","ocean_disable_margins":"enable","ocean_add_body_class":"","ocean_shortcode_before_top_bar":"","ocean_shortcode_after_top_bar":"","ocean_shortcode_before_header":"","ocean_shortcode_after_header":"","ocean_has_shortcode":"","ocean_shortcode_after_title":"","ocean_shortcode_before_footer_widgets":"","ocean_shortcode_after_footer_widgets":"","ocean_shortcode_before_footer_bottom":"","ocean_shortcode_after_footer_bottom":"","ocean_display_top_bar":"default","ocean_display_header":"default","ocean_header_style":"","ocean_center_header_left_menu":"0","ocean_custom_header_template":"0","ocean_custom_logo":0,"ocean_custom_retina_logo":0,"ocean_custom_logo_max_width":0,"ocean_custom_logo_tablet_max_width":0,"ocean_custom_logo_mobile_max_width":0,"ocean_custom_logo_max_height":0,"ocean_custom_logo_tablet_max_height":0,"ocean_custom_logo_mobile_max_height":0,"ocean_header_custom_menu":"0","ocean_menu_typo_font_family":"0","ocean_menu_typo_font_subset":"","ocean_menu_typo_font_size":0,"ocean_menu_typo_font_size_tablet":0,"ocean_menu_typo_font_size_mobile":0,"ocean_menu_typo_font_size_unit":"px","ocean_menu_typo_font_weight":"","ocean_menu_typo_font_weight_tablet":"","ocean_menu_typo_font_weight_mobile":"","ocean_menu_typo_transform":"","ocean_menu_typo_transform_tablet":"","ocean_menu_typo_transform_mobile":"","ocean_menu_typo_line_height":0,"ocean_menu_typo_line_height_tablet":0,"ocean_menu_typo_line_height_mobile":0,"ocean_menu_typo_line_height_unit":"","ocean_menu_typo_spacing":0,"ocean_menu_typo_spacing_tablet":0,"ocean_menu_typo_spacing_mobile":0,"ocean_menu_typo_spacing_unit":"","ocean_menu_link_color":"","ocean_menu_link_color_hover":"","ocean_menu_link_color_active":"","ocean_menu_link_background":"","ocean_menu_link_hover_background":"","ocean_menu_link_active_background":"","ocean_menu_social_links_bg":"","ocean_menu_social_hover_links_bg":"","ocean_menu_social_links_color":"","ocean_menu_social_hover_links_color":"","ocean_disable_title":"default","ocean_disable_heading":"default","ocean_post_title":"","ocean_post_subheading":"","ocean_post_title_style":"","ocean_post_title_background_color":"","ocean_post_title_background":0,"ocean_post_title_bg_image_position":"","ocean_post_title_bg_image_attachment":"","ocean_post_title_bg_image_repeat":"","ocean_post_title_bg_image_size":"","ocean_post_title_height":0,"ocean_post_title_bg_overlay":0.5,"ocean_post_title_bg_overlay_color":"","ocean_disable_breadcrumbs":"default","ocean_breadcrumbs_color":"","ocean_breadcrumbs_separator_color":"","ocean_breadcrumbs_links_color":"","ocean_breadcrumbs_links_hover_color":"","ocean_display_footer_widgets":"default","ocean_display_footer_bottom":"default","ocean_custom_footer_template":"0","footnotes":""},"class_list":["post-978","page","type-page","status-publish","hentry","entry"],"_links":{"self":[{"href":"https:\/\/savers-costplus.com\/supermarket\/wp-json\/wp\/v2\/pages\/978","targetHints":{"allow":["GET"]}}],"collection":[{"href":"https:\/\/savers-costplus.com\/supermarket\/wp-json\/wp\/v2\/pages"}],"about":[{"href":"https:\/\/savers-costplus.com\/supermarket\/wp-json\/wp\/v2\/types\/page"}],"author":[{"embeddable":true,"href":"https:\/\/savers-costplus.com\/supermarket\/wp-json\/wp\/v2\/users\/1"}],"replies":[{"embeddable":true,"href":"https:\/\/savers-costplus.com\/supermarket\/wp-json\/wp\/v2\/comments?post=978"}],"version-history":[{"count":7,"href":"https:\/\/savers-costplus.com\/supermarket\/wp-json\/wp\/v2\/pages\/978\/revisions"}],"predecessor-version":[{"id":987,"href":"https:\/\/savers-costplus.com\/supermarket\/wp-json\/wp\/v2\/pages\/978\/revisions\/987"}],"wp:attachment":[{"href":"https:\/\/savers-costplus.com\/supermarket\/wp-json\/wp\/v2\/media?parent=978"}],"curies":[{"name":"wp","href":"https:\/\/api.w.org\/{rel}","templated":true}]}}